{"id":18,"date":"2017-06-10T08:25:52","date_gmt":"2017-06-10T08:25:52","guid":{"rendered":"http:\/\/xtratheme.comfashion-shop\/?page_id=10"},"modified":"2023-05-04T11:57:29","modified_gmt":"2023-05-04T11:57:29","slug":"contact-us","status":"publish","type":"page","link":"https:\/\/serifplastik.com.tr\/en\/contact-us\/","title":{"rendered":"Contact Us"},"content":{"rendered":"\t\t<div data-elementor-type=\"wp-page\" data-elementor-id=\"18\" class=\"elementor elementor-18\">\n\t\t\t\t\t\t\t\t\t<section class=\"elementor-section elementor-top-section elementor-element elementor-element-2bb3de9 elementor-section-boxed elementor-section-height-default elementor-section-height-default\" data-id=\"2bb3de9\" data-element_type=\"section\">\n\t\t\t\t\t\t<div class=\"elementor-container elementor-column-gap-default\">\n\t\t\t\t\t<div class=\"elementor-column elementor-col-33 elementor-top-column elementor-element elementor-element-b4bc821\" data-id=\"b4bc821\" data-element_type=\"column\">\n\t\t\t<div class=\"elementor-widget-wrap elementor-element-populated\">\n\t\t\t\t\t\t\t\t<div class=\"elementor-element elementor-element-cf6abda elementor-widget elementor-widget-cz_service_box\" data-id=\"cf6abda\" data-element_type=\"widget\" data-widget_type=\"cz_service_box.default\">\n\t\t\t\t<div class=\"elementor-widget-container\">\n\t\t\t<a href=\"mailto:info@serifplastik.com.tr\"><div class=\"services clr style1 services_b\"><div class=\"service_custom\"><i class=\"fas fa-envelope\"><\/i><\/div><div class=\"service_text\"><h3>E-mail<\/h3><div class=\"cz_wpe_content\"><p><span style=\"color: #aaaaaa;\">info@serifplastik.com.tr<\/span><\/p><\/div><\/div><\/div><\/a>\t\t<\/div>\n\t\t\t\t<\/div>\n\t\t\t\t\t<\/div>\n\t\t<\/div>\n\t\t\t\t<div class=\"elementor-column elementor-col-33 elementor-top-column elementor-element elementor-element-2acc52a\" data-id=\"2acc52a\" data-element_type=\"column\">\n\t\t\t<div class=\"elementor-widget-wrap elementor-element-populated\">\n\t\t\t\t\t\t\t\t<div class=\"elementor-element elementor-element-af6c607 elementor-widget elementor-widget-cz_service_box\" data-id=\"af6c607\" data-element_type=\"widget\" data-widget_type=\"cz_service_box.default\">\n\t\t\t\t<div class=\"elementor-widget-container\">\n\t\t\t<a href=\"tel:05413292662\"><div class=\"services clr style1 services_b\"><div class=\"service_custom\"><i class=\"fa fa-phone\"><\/i><\/div><div class=\"service_text\"><h3>Phone<\/h3><div class=\"cz_wpe_content\"><p><span style=\"color: #aaaaaa;\">0541 329 26 62<\/span><\/p><\/div><\/div><\/div><\/a>\t\t<\/div>\n\t\t\t\t<\/div>\n\t\t\t\t\t<\/div>\n\t\t<\/div>\n\t\t\t\t<div class=\"elementor-column elementor-col-33 elementor-top-column elementor-element elementor-element-6f97017\" data-id=\"6f97017\" data-element_type=\"column\">\n\t\t\t<div class=\"elementor-widget-wrap elementor-element-populated\">\n\t\t\t\t\t\t\t\t<div class=\"elementor-element elementor-element-042b15f elementor-widget elementor-widget-cz_service_box\" data-id=\"042b15f\" data-element_type=\"widget\" data-widget_type=\"cz_service_box.default\">\n\t\t\t\t<div class=\"elementor-widget-container\">\n\t\t\t<a href=\"https:\/\/www.google.com\/maps\/place\/K%C3%BC%C3%A7%C3%BCkbal%C4%B1kl%C4%B1,+2.+%C5%9Eenol+Sk.+No:11,+16250+Osmangazi%2FBursa\/@40.2190859,29.0659765,15z\/data=!4m16!1m9!3m8!1s0x14ca3e4b8188f787:0x2b7692411c19486c!2zS8O8w6fDvGtiYWzEsWtsxLEsIDIuIMWeZW5vbCBTay4gTm86MTEsIDE2MjUwIE9zbWFuZ2F6aS9CdXJzYQ!3b1!8m2!3d40.2190859!4d29.0747312!10e5!16s%2Fg%2F11c29f2k39!3m5!1s0x14ca3e4b8188f787:0x2b7692411c19486c!8m2!3d40.2190859!4d29.0747312!16s%2Fg%2F11c29f2k39\"><div class=\"services clr style1 services_b\"><div class=\"service_custom\"><i class=\"fa fa-map-marker\"><\/i><\/div><div class=\"service_text\"><h3>Address<\/h3><div class=\"cz_wpe_content\"><p><span style=\"color: #aaaaaa;\">K\u00fc\u00e7\u00fckbal\u0131kl\u0131 Mah. 2.\u015fenol Sk. No:11 Osmangazi\/Bursa<br \/><\/span><\/p><\/div><\/div><\/div><\/a>\t\t<\/div>\n\t\t\t\t<\/div>\n\t\t\t\t\t<\/div>\n\t\t<\/div>\n\t\t\t\t\t\t\t<\/div>\n\t\t<\/section>\n\t\t\t\t<section class=\"elementor-section elementor-top-section elementor-element elementor-element-ac60484 elementor-section-boxed elementor-section-height-default elementor-section-height-default\" data-id=\"ac60484\" data-element_type=\"section\">\n\t\t\t\t\t\t<div class=\"elementor-container elementor-column-gap-default\">\n\t\t\t\t\t<div class=\"elementor-column elementor-col-100 elementor-top-column elementor-element elementor-element-df8ed5f\" data-id=\"df8ed5f\" data-element_type=\"column\">\n\t\t\t<div class=\"elementor-widget-wrap elementor-element-populated\">\n\t\t\t\t\t\t\t\t<div class=\"elementor-element elementor-element-c56930b elementor-widget elementor-widget-google_maps\" data-id=\"c56930b\" data-element_type=\"widget\" data-widget_type=\"google_maps.default\">\n\t\t\t\t<div class=\"elementor-widget-container\">\n\t\t\t<style>\/*! elementor - v3.11.0 - 13-02-2023 *\/\n.elementor-widget-google_maps .elementor-widget-container{overflow:hidden}.elementor-widget-google_maps .elementor-custom-embed{line-height:0}.elementor-widget-google_maps iframe{height:300px}<\/style>\t\t<div class=\"elementor-custom-embed\">\n\t\t\t<iframe loading=\"lazy\"\n\t\t\t\t\tsrc=\"https:\/\/maps.google.com\/maps?q=K%C3%BC%C3%A7%C3%BCkbal%C4%B1kl%C4%B1%2C%202.%20%C5%9Eenol%20Sk.%20No%3A11%2C%2016250%20Osmangazi%2FBursa&#038;t=m&#038;z=13&#038;output=embed&#038;iwloc=near\"\n\t\t\t\t\ttitle=\"K\u00fc\u00e7\u00fckbal\u0131kl\u0131, 2. \u015eenol Sk. No:11, 16250 Osmangazi\/Bursa\"\n\t\t\t\t\taria-label=\"K\u00fc\u00e7\u00fckbal\u0131kl\u0131, 2. \u015eenol Sk. No:11, 16250 Osmangazi\/Bursa\"\n\t\t\t><\/iframe>\n\t\t<\/div>\n\t\t\t\t<\/div>\n\t\t\t\t<\/div>\n\t\t\t\t\t<\/div>\n\t\t<\/div>\n\t\t\t\t\t\t\t<\/div>\n\t\t<\/section>\n\t\t\t\t<section class=\"elementor-section elementor-top-section elementor-element elementor-element-57e66ac elementor-section-boxed elementor-section-height-default elementor-section-height-default\" data-id=\"57e66ac\" data-element_type=\"section\">\n\t\t\t\t\t\t<div class=\"elementor-container elementor-column-gap-default\">\n\t\t\t\t\t<div class=\"elementor-column elementor-col-33 elementor-top-column elementor-element elementor-element-4bbe583\" data-id=\"4bbe583\" data-element_type=\"column\">\n\t\t\t<div class=\"elementor-widget-wrap\">\n\t\t\t\t\t\t\t\t\t<\/div>\n\t\t<\/div>\n\t\t\t\t<div class=\"elementor-column elementor-col-33 elementor-top-column elementor-element elementor-element-5435f78\" data-id=\"5435f78\" data-element_type=\"column\">\n\t\t\t<div class=\"elementor-widget-wrap elementor-element-populated\">\n\t\t\t\t\t\t\t\t<div class=\"elementor-element elementor-element-25356f5 elementor-widget elementor-widget-cz_contact_form_7\" data-id=\"25356f5\" data-element_type=\"widget\" data-widget_type=\"cz_contact_form_7.default\">\n\t\t\t\t<div class=\"elementor-widget-container\">\n\t\t\t\t\t<div class=\"cz_cf7 clr\">\r\n\t\t\t<div>\n<div class=\"wpcf7 no-js\" id=\"wpcf7-f896-o1\" lang=\"en-US\" dir=\"ltr\">\n<div class=\"screen-reader-response\"><p role=\"status\" aria-live=\"polite\" aria-atomic=\"true\"><\/p> <ul><\/ul><\/div>\n<form action=\"\/en\/wp-json\/wp\/v2\/pages\/18#wpcf7-f896-o1\" method=\"post\" class=\"wpcf7-form init\" aria-label=\"Contact form\" novalidate=\"novalidate\" data-status=\"init\">\n<div style=\"display: none;\">\n<input type=\"hidden\" name=\"_wpcf7\" value=\"896\" \/>\n<input type=\"hidden\" name=\"_wpcf7_version\" value=\"5.7.3\" \/>\n<input type=\"hidden\" name=\"_wpcf7_locale\" value=\"en_US\" \/>\n<input type=\"hidden\" name=\"_wpcf7_unit_tag\" value=\"wpcf7-f896-o1\" \/>\n<input type=\"hidden\" name=\"_wpcf7_container_post\" value=\"0\" \/>\n<input type=\"hidden\" name=\"_wpcf7_posted_data_hash\" value=\"\" \/>\n<\/div>\n<p><span class=\"wpcf7-form-control-wrap\" data-name=\"your-name\"><input size=\"40\" class=\"wpcf7-form-control wpcf7-text wpcf7-validates-as-required\" aria-required=\"true\" aria-invalid=\"false\" placeholder=\"Ad Soyad (*)\" value=\"\" type=\"text\" name=\"your-name\" \/><\/span>\n<\/p>\n<p><span class=\"wpcf7-form-control-wrap\" data-name=\"your-email\"><input size=\"40\" class=\"wpcf7-form-control wpcf7-text wpcf7-email wpcf7-validates-as-required wpcf7-validates-as-email\" aria-required=\"true\" aria-invalid=\"false\" placeholder=\"Email Adresiniz (*)\" value=\"\" type=\"email\" name=\"your-email\" \/><\/span>\n<\/p>\n<p><span class=\"wpcf7-form-control-wrap\" data-name=\"your-phone\"><input size=\"40\" class=\"wpcf7-form-control wpcf7-text\" aria-invalid=\"false\" placeholder=\"Telefon\" value=\"\" type=\"text\" name=\"your-phone\" \/><\/span>\n<\/p>\n<p><span class=\"wpcf7-form-control-wrap\" data-name=\"menu-178\"><select class=\"wpcf7-form-control wpcf7-select\" aria-invalid=\"false\" name=\"menu-178\"><option value=\"Sat\u0131\u015f Departman\u0131\">Sat\u0131\u015f Departman\u0131<\/option><option value=\"Muhasebe Departman\u0131\">Muhasebe Departman\u0131<\/option><option value=\"Genel\">Genel<\/option><option value=\"\u0130nsan Kaynaklar\u0131\">\u0130nsan Kaynaklar\u0131<\/option><\/select><\/span>\n<\/p>\n<p><span class=\"wpcf7-form-control-wrap\" data-name=\"your-message\"><textarea cols=\"40\" rows=\"10\" class=\"wpcf7-form-control wpcf7-textarea\" aria-invalid=\"false\" placeholder=\"A\u00e7\u0131klama\" name=\"your-message\"><\/textarea><\/span>\n<\/p>\n<p><input class=\"wpcf7-form-control has-spinner wpcf7-submit\" type=\"submit\" value=\"G\u00f6nder\" \/>\n<\/p><div class=\"wpcf7-response-output\" aria-hidden=\"true\"><\/div>\n<\/form>\n<\/div>\n<\/div>\r\n\t\t<\/div>\r\n\t\t\t\t<\/div>\n\t\t\t\t<\/div>\n\t\t\t\t\t<\/div>\n\t\t<\/div>\n\t\t\t\t<div class=\"elementor-column elementor-col-33 elementor-top-column elementor-element elementor-element-0f1efda\" data-id=\"0f1efda\" data-element_type=\"column\">\n\t\t\t<div class=\"elementor-widget-wrap\">\n\t\t\t\t\t\t\t\t\t<\/div>\n\t\t<\/div>\n\t\t\t\t\t\t\t<\/div>\n\t\t<\/section>\n\t\t\t\t\t\t\t<\/div>\n\t\t","protected":false},"excerpt":{"rendered":"<p>E-mail info@serifplastik.com.tr Phone 0541 329 26 62 Address K\u00fc\u00e7\u00fckbal\u0131kl\u0131 Mah. 2.\u015fenol &#8230; <\/p>\n","protected":false},"author":1,"featured_media":0,"parent":0,"menu_order":0,"comment_status":"closed","ping_status":"closed","template":"","meta":{"footnotes":""},"class_list":["post-18","page","type-page","status-publish","hentry"],"_links":{"self":[{"href":"https:\/\/serifplastik.com.tr\/en\/wp-json\/wp\/v2\/pages\/18","targetHints":{"allow":["GET"]}}],"collection":[{"href":"https:\/\/serifplastik.com.tr\/en\/wp-json\/wp\/v2\/pages"}],"about":[{"href":"https:\/\/serifplastik.com.tr\/en\/wp-json\/wp\/v2\/types\/page"}],"author":[{"embeddable":true,"href":"https:\/\/serifplastik.com.tr\/en\/wp-json\/wp\/v2\/users\/1"}],"replies":[{"embeddable":true,"href":"https:\/\/serifplastik.com.tr\/en\/wp-json\/wp\/v2\/comments?post=18"}],"version-history":[{"count":128,"href":"https:\/\/serifplastik.com.tr\/en\/wp-json\/wp\/v2\/pages\/18\/revisions"}],"predecessor-version":[{"id":3241,"href":"https:\/\/serifplastik.com.tr\/en\/wp-json\/wp\/v2\/pages\/18\/revisions\/3241"}],"wp:attachment":[{"href":"https:\/\/serifplastik.com.tr\/en\/wp-json\/wp\/v2\/media?parent=18"}],"curies":[{"name":"wp","href":"https:\/\/api.w.org\/{rel}","templated":true}]}}